{"id":14,"date":"2024-10-16T14:42:23","date_gmt":"2024-10-16T14:42:23","guid":{"rendered":"https:\/\/openshops.rkinformatika.online\/?page_id=14"},"modified":"2025-03-07T17:02:33","modified_gmt":"2025-03-07T17:02:33","slug":"servicios","status":"publish","type":"page","link":"https:\/\/jositajosi28.com\/eu\/servicios\/","title":{"rendered":"ZERBITZUAK"},"content":{"rendered":"<div data-elementor-type=\"wp-page\" data-elementor-id=\"14\" class=\"elementor elementor-14\" data-elementor-post-type=\"page\">\n\t\t\t\t\t\t<section class=\"elementor-section elementor-top-section elementor-element elementor-element-b67f40c elementor-section-height-min-height elementor-section-boxed elementor-section-height-default elementor-section-items-middle\" data-id=\"b67f40c\" data-element_type=\"section\" data-e-type=\"section\" data-settings=\"{&quot;background_background&quot;:&quot;classic&quot;}\">\n\t\t\t\t\t\t<div class=\"elementor-container elementor-column-gap-no\">\n\t\t\t\t\t<div class=\"elementor-column elementor-col-100 elementor-top-column elementor-element elementor-element-162ff70\" data-id=\"162ff70\" data-element_type=\"column\" data-e-type=\"column\">\n\t\t\t<div class=\"elementor-widget-wrap elementor-element-populated\">\n\t\t\t\t\t\t<div class=\"elementor-element elementor-element-7cc769b elementor-invisible elementor-widget elementor-widget-heading\" data-id=\"7cc769b\" data-element_type=\"widget\" data-e-type=\"widget\" data-settings=\"{&quot;_animation&quot;:&quot;zoomIn&quot;}\" data-widget_type=\"heading.default\">\n\t\t\t\t<div class=\"elementor-widget-container\">\n\t\t\t\t\t<h2 class=\"elementor-heading-title elementor-size-default\">ZERBITZUAK<\/h2>\t\t\t\t<\/div>\n\t\t\t\t<\/div>\n\t\t\t\t<section class=\"elementor-section elementor-inner-section elementor-element elementor-element-5aace06 elementor-section-boxed elementor-section-height-default elementor-section-height-default\" data-id=\"5aace06\" data-element_type=\"section\" data-e-type=\"section\">\n\t\t\t\t\t\t<div class=\"elementor-container elementor-column-gap-no\">\n\t\t\t\t\t<div class=\"elementor-column elementor-col-100 elementor-inner-column elementor-element elementor-element-f641bda\" data-id=\"f641bda\" data-element_type=\"column\" data-e-type=\"column\">\n\t\t\t<div class=\"elementor-widget-wrap\">\n\t\t\t\t\t\t\t<\/div>\n\t\t<\/div>\n\t\t\t\t\t<\/div>\n\t\t<\/section>\n\t\t\t\t\t<\/div>\n\t\t<\/div>\n\t\t\t\t\t<\/div>\n\t\t<\/section>\n\t\t<div class=\"elementor-element elementor-element-066cda7 e-flex e-con-boxed e-con e-parent\" data-id=\"066cda7\" data-element_type=\"container\" data-e-type=\"container\" data-settings=\"{&quot;background_background&quot;:&quot;classic&quot;}\">\n\t\t\t\t\t<div class=\"e-con-inner\">\n\t\t<div class=\"elementor-element elementor-element-d1c79c6 e-con-full e-flex e-con e-child\" data-id=\"d1c79c6\" data-element_type=\"container\" data-e-type=\"container\">\n\t\t\t\t<div class=\"elementor-element elementor-element-e07c030 elementor-widget elementor-widget-heading\" data-id=\"e07c030\" data-element_type=\"widget\" data-e-type=\"widget\" data-widget_type=\"heading.default\">\n\t\t\t\t<div class=\"elementor-widget-container\">\n\t\t\t\t\t<h2 class=\"elementor-heading-title elementor-size-default\">Somos expertos en la reparaci\u00f3n, transformaci\u00f3n, adaptaci\u00f3n y bordado de prendas.\n<\/h2>\t\t\t\t<\/div>\n\t\t\t\t<\/div>\n\t\t\t\t<\/div>\n\t\t\t\t\t<\/div>\n\t\t\t\t<\/div>\n\t\t<div class=\"elementor-element elementor-element-425b61b e-flex e-con-boxed e-con e-parent\" data-id=\"425b61b\" data-element_type=\"container\" data-e-type=\"container\" data-settings=\"{&quot;background_background&quot;:&quot;classic&quot;}\">\n\t\t\t\t\t<div class=\"e-con-inner\">\n\t\t\t\t<div class=\"elementor-element elementor-element-2095576 elementor-widget elementor-widget-heading\" data-id=\"2095576\" data-element_type=\"widget\" data-e-type=\"widget\" data-widget_type=\"heading.default\">\n\t\t\t\t<div class=\"elementor-widget-container\">\n\t\t\t\t\t<h2 class=\"elementor-heading-title elementor-size-default\">NUESTROS SERVICIOS<\/h2>\t\t\t\t<\/div>\n\t\t\t\t<\/div>\n\t\t\t\t\t<\/div>\n\t\t\t\t<\/div>\n\t\t<div class=\"elementor-element elementor-element-e992ba7 e-flex e-con-boxed e-con e-parent\" data-id=\"e992ba7\" data-element_type=\"container\" data-e-type=\"container\">\n\t\t\t\t\t<div class=\"e-con-inner\">\n\t\t<div class=\"elementor-element elementor-element-e71496a e-con-full e-flex e-con e-child\" data-id=\"e71496a\" data-element_type=\"container\" data-e-type=\"container\">\n\t\t\t\t<div class=\"elementor-element elementor-element-715c7c5 elementor-widget elementor-widget-heading\" data-id=\"715c7c5\" data-element_type=\"widget\" data-e-type=\"widget\" data-widget_type=\"heading.default\">\n\t\t\t\t<div class=\"elementor-widget-container\">\n\t\t\t\t\t<h2 class=\"elementor-heading-title elementor-size-default\">Reparaci\u00f3n de Prendas<\/h2>\t\t\t\t<\/div>\n\t\t\t\t<\/div>\n\t\t\t\t<div class=\"elementor-element elementor-element-8f8ef6e elementor-widget elementor-widget-text-editor\" data-id=\"8f8ef6e\" data-element_type=\"widget\" data-e-type=\"widget\" data-widget_type=\"text-editor.default\">\n\t\t\t\t<div class=\"elementor-widget-container\">\n\t\t\t\t\t\t\t\t\t<p>En <strong data-start=\"31\" data-end=\"47\">Josi ta Josi<\/strong>, nos especializamos en la <strong data-start=\"74\" data-end=\"109\">reparaci\u00f3n de prendas de vestir<\/strong>. Ya sea un ajuste, arreglo de costuras, reposici\u00f3n de cremalleras o cualquier otro tipo de reparaci\u00f3n, nuestro equipo de expertos se encarga de devolverle a tu prenda su funcionalidad y apariencia original.<\/p>\t\t\t\t\t\t\t\t<\/div>\n\t\t\t\t<\/div>\n\t\t\t\t<\/div>\n\t\t<div class=\"elementor-element elementor-element-bc37a22 e-con-full e-flex e-con e-child\" data-id=\"bc37a22\" data-element_type=\"container\" data-e-type=\"container\">\n\t\t\t\t<div class=\"elementor-element elementor-element-d512f89 elementor-widget elementor-widget-heading\" data-id=\"d512f89\" data-element_type=\"widget\" data-e-type=\"widget\" data-widget_type=\"heading.default\">\n\t\t\t\t<div class=\"elementor-widget-container\">\n\t\t\t\t\t<h2 class=\"elementor-heading-title elementor-size-default\">Transformaci\u00f3n de Prendas<\/h2>\t\t\t\t<\/div>\n\t\t\t\t<\/div>\n\t\t\t\t<div class=\"elementor-element elementor-element-ad690af elementor-widget elementor-widget-text-editor\" data-id=\"ad690af\" data-element_type=\"widget\" data-e-type=\"widget\" data-widget_type=\"text-editor.default\">\n\t\t\t\t<div class=\"elementor-widget-container\">\n\t\t\t\t\t\t\t\t\t<p>Si deseas renovar o modificar alguna prenda, tambi\u00e9n ofrecemos un servicio de <strong data-start=\"428\" data-end=\"446\">transformaci\u00f3n<\/strong>. Podemos modificar el estilo de tu ropa, cambiar su forma o adaptarla a las \u00faltimas tendencias para que se ajuste perfectamente a tus gustos y necesidades. Con nuestra experiencia, podr\u00e1s dar nueva vida a tus prendas favoritas.<\/p>\t\t\t\t\t\t\t\t<\/div>\n\t\t\t\t<\/div>\n\t\t\t\t<\/div>\n\t\t\t\t\t<\/div>\n\t\t\t\t<\/div>\n\t\t<div class=\"elementor-element elementor-element-54ce6dd e-flex e-con-boxed e-con e-parent\" data-id=\"54ce6dd\" data-element_type=\"container\" data-e-type=\"container\">\n\t\t\t\t\t<div class=\"e-con-inner\">\n\t\t<div class=\"elementor-element elementor-element-2f7c3e2 e-con-full e-flex e-con e-child\" data-id=\"2f7c3e2\" data-element_type=\"container\" data-e-type=\"container\">\n\t\t\t\t<div class=\"elementor-element elementor-element-29ca5aa elementor-widget elementor-widget-heading\" data-id=\"29ca5aa\" data-element_type=\"widget\" data-e-type=\"widget\" data-widget_type=\"heading.default\">\n\t\t\t\t<div class=\"elementor-widget-container\">\n\t\t\t\t\t<h2 class=\"elementor-heading-title elementor-size-default\">Bordado de Nombres en Uniformes<\/h2>\t\t\t\t<\/div>\n\t\t\t\t<\/div>\n\t\t\t\t<div class=\"elementor-element elementor-element-d4fd37a elementor-widget elementor-widget-text-editor\" data-id=\"d4fd37a\" data-element_type=\"widget\" data-e-type=\"widget\" data-widget_type=\"text-editor.default\">\n\t\t\t\t<div class=\"elementor-widget-container\">\n\t\t\t\t\t\t\t\t\t<p>Ofrecemos servicios de bordado de nombres y logotipos en <strong data-start=\"837\" data-end=\"850\">uniformes<\/strong> para empresas, colegios, clubes y otras instituciones. Cada bordado se realiza con materiales de alta calidad, asegurando que los nombres y detalles duren intactos.<\/p>\t\t\t\t\t\t\t\t<\/div>\n\t\t\t\t<\/div>\n\t\t\t\t<\/div>\n\t\t<div class=\"elementor-element elementor-element-f3eafa1 e-con-full e-flex e-con e-child\" data-id=\"f3eafa1\" data-element_type=\"container\" data-e-type=\"container\">\n\t\t\t\t<div class=\"elementor-element elementor-element-a5d37b0 elementor-widget elementor-widget-heading\" data-id=\"a5d37b0\" data-element_type=\"widget\" data-e-type=\"widget\" data-widget_type=\"heading.default\">\n\t\t\t\t<div class=\"elementor-widget-container\">\n\t\t\t\t\t<h2 class=\"elementor-heading-title elementor-size-default\">Josten Hasteko Eskolak<\/h2>\t\t\t\t<\/div>\n\t\t\t\t<\/div>\n\t\t\t\t<div class=\"elementor-element elementor-element-1eaf829 elementor-widget elementor-widget-text-editor\" data-id=\"1eaf829\" data-element_type=\"widget\" data-e-type=\"widget\" data-widget_type=\"text-editor.default\">\n\t\t\t\t<div class=\"elementor-widget-container\">\n\t\t\t\t\t\t\t\t\t<p>Si tienes inter\u00e9s por aprender a coser y deseas iniciarte en este arte, ofrecemos <strong data-start=\"1142\" data-end=\"1163\">clases de costura<\/strong> para principiantes. Aqu\u00ed podr\u00e1s aprender las t\u00e9cnicas b\u00e1sicas y adquirir las habilidades necesarias para realizar tus propios arreglos o comenzar a trabajar en el sector.<\/p>\t\t\t\t\t\t\t\t<\/div>\n\t\t\t\t<\/div>\n\t\t\t\t<\/div>\n\t\t\t\t\t<\/div>\n\t\t\t\t<\/div>\n\t\t\t\t<section class=\"elementor-section elementor-top-section elementor-element elementor-element-7011d23 elementor-section-boxed elementor-section-height-default elementor-section-height-default\" data-id=\"7011d23\" data-element_type=\"section\" data-e-type=\"section\" data-settings=\"{&quot;background_background&quot;:&quot;classic&quot;}\">\n\t\t\t\t\t\t\t<div class=\"elementor-background-overlay\"><\/div>\n\t\t\t\t\t\t\t<div class=\"elementor-container elementor-column-gap-no\">\n\t\t\t\t\t<div class=\"elementor-column elementor-col-100 elementor-top-column elementor-element elementor-element-b2f3f85\" data-id=\"b2f3f85\" data-element_type=\"column\" data-e-type=\"column\" data-settings=\"{&quot;background_background&quot;:&quot;classic&quot;}\">\n\t\t\t<div class=\"elementor-widget-wrap elementor-element-populated\">\n\t\t\t\t\t\t<div class=\"elementor-element elementor-element-676b714 elementor-invisible elementor-widget elementor-widget-heading\" data-id=\"676b714\" data-element_type=\"widget\" data-e-type=\"widget\" data-settings=\"{&quot;_animation&quot;:&quot;zoomIn&quot;}\" data-widget_type=\"heading.default\">\n\t\t\t\t<div class=\"elementor-widget-container\">\n\t\t\t\t\t<h2 class=\"elementor-heading-title elementor-size-default\">Cada prenda recibe un trato especial<\/h2>\t\t\t\t<\/div>\n\t\t\t\t<\/div>\n\t\t\t\t<div class=\"elementor-element elementor-element-4932bf3 elementor-invisible elementor-widget elementor-widget-heading\" data-id=\"4932bf3\" data-element_type=\"widget\" data-e-type=\"widget\" data-settings=\"{&quot;_animation&quot;:&quot;zoomIn&quot;}\" data-widget_type=\"heading.default\">\n\t\t\t\t<div class=\"elementor-widget-container\">\n\t\t\t\t\t<h2 class=\"elementor-heading-title elementor-size-default\">M\u00e1s de 20 a\u00f1os ofreciendo calidad y dedicaci\u00f3n en cada puntada. \u00a1Cons\u00faltanos!<\/h2>\t\t\t\t<\/div>\n\t\t\t\t<\/div>\n\t\t\t\t<div class=\"elementor-element elementor-element-a2acfb1 elementor-align-center elementor-invisible elementor-widget elementor-widget-button\" data-id=\"a2acfb1\" data-element_type=\"widget\" data-e-type=\"widget\" data-settings=\"{&quot;_animation&quot;:&quot;zoomIn&quot;}\" data-widget_type=\"button.default\">\n\t\t\t\t<div class=\"elementor-widget-container\">\n\t\t\t\t\t\t\t\t\t<div class=\"elementor-button-wrapper\">\n\t\t\t\t\t<a class=\"elementor-button elementor-button-link elementor-size-sm elementor-animation-hang\" href=\"https:\/\/jositajosi28.com\/eu\/contacto\/\">\n\t\t\t\t\t\t<span class=\"elementor-button-content-wrapper\">\n\t\t\t\t\t\t\t\t\t<span class=\"elementor-button-text\">JARRI GUREKIN HARREMANETAN<\/span>\n\t\t\t\t\t<\/span>\n\t\t\t\t\t<\/a>\n\t\t\t\t<\/div>\n\t\t\t\t\t\t\t\t<\/div>\n\t\t\t\t<\/div>\n\t\t\t\t\t<\/div>\n\t\t<\/div>\n\t\t\t\t\t<\/div>\n\t\t<\/section>\n\t\t\t\t<\/div>","protected":false},"excerpt":{"rendered":"<p>Servicios Somos expertos en la reparaci\u00f3n, transformaci\u00f3n, adaptaci\u00f3n y bordado de prendas. NUESTROS SERVICIOS Reparaci\u00f3n de Prendas En Josi ta Josi, nos especializamos en la reparaci\u00f3n de prendas de vestir. Ya sea un ajuste, arreglo de costuras, reposici\u00f3n de cremalleras o cualquier otro tipo de reparaci\u00f3n, nuestro equipo de expertos se encarga de devolverle a [&hellip;]<\/p>\n","protected":false},"author":7,"featured_media":0,"parent":0,"menu_order":0,"comment_status":"closed","ping_status":"closed","template":"elementor_canvas","meta":{"footnotes":""},"class_list":["post-14","page","type-page","status-publish","hentry"],"yoast_head":"<!-- This site is optimized with the Yoast SEO plugin v27.3 - https:\/\/yoast.com\/product\/yoast-seo-wordpress\/ -->\n<title>Servicios - Josi ta Josi<\/title>\n<meta name=\"robots\" content=\"index, follow, max-snippet:-1, max-image-preview:large, max-video-preview:-1\" \/>\n<link rel=\"canonical\" href=\"https:\/\/jositajosi28.com\/eu\/servicios\/\" \/>\n<meta property=\"og:locale\" content=\"en_US\" \/>\n<meta property=\"og:type\" content=\"article\" \/>\n<meta property=\"og:title\" content=\"Servicios - Josi ta Josi\" \/>\n<meta property=\"og:description\" content=\"Servicios Somos expertos en la reparaci\u00f3n, transformaci\u00f3n, adaptaci\u00f3n y bordado de prendas. NUESTROS SERVICIOS Reparaci\u00f3n de Prendas En Josi ta Josi, nos especializamos en la reparaci\u00f3n de prendas de vestir. Ya sea un ajuste, arreglo de costuras, reposici\u00f3n de cremalleras o cualquier otro tipo de reparaci\u00f3n, nuestro equipo de expertos se encarga de devolverle a [&hellip;]\" \/>\n<meta property=\"og:url\" content=\"https:\/\/jositajosi28.com\/eu\/servicios\/\" \/>\n<meta property=\"og:site_name\" content=\"Josi ta Josi\" \/>\n<meta property=\"article:modified_time\" content=\"2025-03-07T17:02:33+00:00\" \/>\n<meta name=\"twitter:card\" content=\"summary_large_image\" \/>\n<meta name=\"twitter:label1\" content=\"Est. reading time\" \/>\n\t<meta name=\"twitter:data1\" content=\"2 minutua\" \/>\n<script type=\"application\/ld+json\" class=\"yoast-schema-graph\">{\"@context\":\"https:\\\/\\\/schema.org\",\"@graph\":[{\"@type\":\"WebPage\",\"@id\":\"https:\\\/\\\/jositajosi28.com\\\/servicios\\\/\",\"url\":\"https:\\\/\\\/jositajosi28.com\\\/servicios\\\/\",\"name\":\"Servicios - Josi ta Josi\",\"isPartOf\":{\"@id\":\"https:\\\/\\\/jositajosi28.com\\\/#website\"},\"datePublished\":\"2024-10-16T14:42:23+00:00\",\"dateModified\":\"2025-03-07T17:02:33+00:00\",\"breadcrumb\":{\"@id\":\"https:\\\/\\\/jositajosi28.com\\\/servicios\\\/#breadcrumb\"},\"inLanguage\":\"eu\",\"potentialAction\":[{\"@type\":\"ReadAction\",\"target\":[\"https:\\\/\\\/jositajosi28.com\\\/servicios\\\/\"]}]},{\"@type\":\"BreadcrumbList\",\"@id\":\"https:\\\/\\\/jositajosi28.com\\\/servicios\\\/#breadcrumb\",\"itemListElement\":[{\"@type\":\"ListItem\",\"position\":1,\"name\":\"Portada\",\"item\":\"https:\\\/\\\/jositajosi28.com\\\/\"},{\"@type\":\"ListItem\",\"position\":2,\"name\":\"Servicios\"}]},{\"@type\":\"WebSite\",\"@id\":\"https:\\\/\\\/jositajosi28.com\\\/#website\",\"url\":\"https:\\\/\\\/jositajosi28.com\\\/\",\"name\":\"Josi ta Josi\",\"description\":\"Arreglo, transformaci\u00f3n, reparaci\u00f3n y bordado de prendas.\",\"publisher\":{\"@id\":\"https:\\\/\\\/jositajosi28.com\\\/#organization\"},\"potentialAction\":[{\"@type\":\"SearchAction\",\"target\":{\"@type\":\"EntryPoint\",\"urlTemplate\":\"https:\\\/\\\/jositajosi28.com\\\/?s={search_term_string}\"},\"query-input\":{\"@type\":\"PropertyValueSpecification\",\"valueRequired\":true,\"valueName\":\"search_term_string\"}}],\"inLanguage\":\"eu\"},{\"@type\":\"Organization\",\"@id\":\"https:\\\/\\\/jositajosi28.com\\\/#organization\",\"name\":\"Josi ta Josi\",\"url\":\"https:\\\/\\\/jositajosi28.com\\\/\",\"logo\":{\"@type\":\"ImageObject\",\"inLanguage\":\"eu\",\"@id\":\"https:\\\/\\\/jositajosi28.com\\\/#\\\/schema\\\/logo\\\/image\\\/\",\"url\":\"https:\\\/\\\/jositajosi28.com\\\/wp-content\\\/uploads\\\/2025\\\/02\\\/cropped-JOSI-TA-JOSI.png\",\"contentUrl\":\"https:\\\/\\\/jositajosi28.com\\\/wp-content\\\/uploads\\\/2025\\\/02\\\/cropped-JOSI-TA-JOSI.png\",\"width\":408,\"height\":183,\"caption\":\"Josi ta Josi\"},\"image\":{\"@id\":\"https:\\\/\\\/jositajosi28.com\\\/#\\\/schema\\\/logo\\\/image\\\/\"}}]}<\/script>\n<!-- \/ Yoast SEO plugin. -->","yoast_head_json":{"title":"Servicios - Josi ta Josi","robots":{"index":"index","follow":"follow","max-snippet":"max-snippet:-1","max-image-preview":"max-image-preview:large","max-video-preview":"max-video-preview:-1"},"canonical":"https:\/\/jositajosi28.com\/eu\/servicios\/","og_locale":"en_US","og_type":"article","og_title":"Servicios - Josi ta Josi","og_description":"Servicios Somos expertos en la reparaci\u00f3n, transformaci\u00f3n, adaptaci\u00f3n y bordado de prendas. NUESTROS SERVICIOS Reparaci\u00f3n de Prendas En Josi ta Josi, nos especializamos en la reparaci\u00f3n de prendas de vestir. Ya sea un ajuste, arreglo de costuras, reposici\u00f3n de cremalleras o cualquier otro tipo de reparaci\u00f3n, nuestro equipo de expertos se encarga de devolverle a [&hellip;]","og_url":"https:\/\/jositajosi28.com\/eu\/servicios\/","og_site_name":"Josi ta Josi","article_modified_time":"2025-03-07T17:02:33+00:00","twitter_card":"summary_large_image","twitter_misc":{"Est. reading time":"2 minutua"},"schema":{"@context":"https:\/\/schema.org","@graph":[{"@type":"WebPage","@id":"https:\/\/jositajosi28.com\/servicios\/","url":"https:\/\/jositajosi28.com\/servicios\/","name":"Servicios - Josi ta Josi","isPartOf":{"@id":"https:\/\/jositajosi28.com\/#website"},"datePublished":"2024-10-16T14:42:23+00:00","dateModified":"2025-03-07T17:02:33+00:00","breadcrumb":{"@id":"https:\/\/jositajosi28.com\/servicios\/#breadcrumb"},"inLanguage":"eu","potentialAction":[{"@type":"ReadAction","target":["https:\/\/jositajosi28.com\/servicios\/"]}]},{"@type":"BreadcrumbList","@id":"https:\/\/jositajosi28.com\/servicios\/#breadcrumb","itemListElement":[{"@type":"ListItem","position":1,"name":"Portada","item":"https:\/\/jositajosi28.com\/"},{"@type":"ListItem","position":2,"name":"Servicios"}]},{"@type":"WebSite","@id":"https:\/\/jositajosi28.com\/#website","url":"https:\/\/jositajosi28.com\/","name":"Josi ta Josi","description":"Arreglo, transformaci\u00f3n, reparaci\u00f3n y bordado de prendas.","publisher":{"@id":"https:\/\/jositajosi28.com\/#organization"},"potentialAction":[{"@type":"SearchAction","target":{"@type":"EntryPoint","urlTemplate":"https:\/\/jositajosi28.com\/?s={search_term_string}"},"query-input":{"@type":"PropertyValueSpecification","valueRequired":true,"valueName":"search_term_string"}}],"inLanguage":"eu"},{"@type":"Organization","@id":"https:\/\/jositajosi28.com\/#organization","name":"Josi ta Josi","url":"https:\/\/jositajosi28.com\/","logo":{"@type":"ImageObject","inLanguage":"eu","@id":"https:\/\/jositajosi28.com\/#\/schema\/logo\/image\/","url":"https:\/\/jositajosi28.com\/wp-content\/uploads\/2025\/02\/cropped-JOSI-TA-JOSI.png","contentUrl":"https:\/\/jositajosi28.com\/wp-content\/uploads\/2025\/02\/cropped-JOSI-TA-JOSI.png","width":408,"height":183,"caption":"Josi ta Josi"},"image":{"@id":"https:\/\/jositajosi28.com\/#\/schema\/logo\/image\/"}}]}},"_links":{"self":[{"href":"https:\/\/jositajosi28.com\/eu\/wp-json\/wp\/v2\/pages\/14","targetHints":{"allow":["GET"]}}],"collection":[{"href":"https:\/\/jositajosi28.com\/eu\/wp-json\/wp\/v2\/pages"}],"about":[{"href":"https:\/\/jositajosi28.com\/eu\/wp-json\/wp\/v2\/types\/page"}],"author":[{"embeddable":true,"href":"https:\/\/jositajosi28.com\/eu\/wp-json\/wp\/v2\/users\/7"}],"replies":[{"embeddable":true,"href":"https:\/\/jositajosi28.com\/eu\/wp-json\/wp\/v2\/comments?post=14"}],"version-history":[{"count":969,"href":"https:\/\/jositajosi28.com\/eu\/wp-json\/wp\/v2\/pages\/14\/revisions"}],"predecessor-version":[{"id":3158,"href":"https:\/\/jositajosi28.com\/eu\/wp-json\/wp\/v2\/pages\/14\/revisions\/3158"}],"wp:attachment":[{"href":"https:\/\/jositajosi28.com\/eu\/wp-json\/wp\/v2\/media?parent=14"}],"curies":[{"name":"wp","href":"https:\/\/api.w.org\/{rel}","templated":true}]}}