{"id":941,"date":"2024-10-17T15:49:26","date_gmt":"2024-10-17T15:49:26","guid":{"rendered":"https:\/\/openshops.rkinformatika.online\/?page_id=941"},"modified":"2025-03-07T17:02:20","modified_gmt":"2025-03-07T17:02:20","slug":"inicio","status":"publish","type":"page","link":"https:\/\/jositajosi28.com\/eu\/","title":{"rendered":"HASIERA"},"content":{"rendered":"<div data-elementor-type=\"wp-page\" data-elementor-id=\"941\" class=\"elementor elementor-941\" data-elementor-post-type=\"page\">\n\t\t\t\t\t\t<section class=\"elementor-section elementor-top-section elementor-element elementor-element-2ceda46f elementor-section-height-min-height elementor-section-boxed elementor-section-height-default elementor-section-items-middle\" data-id=\"2ceda46f\" data-element_type=\"section\" data-e-type=\"section\" data-settings=\"{&quot;background_background&quot;:&quot;classic&quot;}\">\n\t\t\t\t\t\t<div class=\"elementor-container elementor-column-gap-no\">\n\t\t\t\t\t<div class=\"elementor-column elementor-col-100 elementor-top-column elementor-element elementor-element-21c58e5c\" data-id=\"21c58e5c\" data-element_type=\"column\" data-e-type=\"column\">\n\t\t\t<div class=\"elementor-widget-wrap elementor-element-populated\">\n\t\t\t\t\t\t<div class=\"elementor-element elementor-element-42f39f1c elementor-invisible elementor-widget elementor-widget-heading\" data-id=\"42f39f1c\" data-element_type=\"widget\" data-e-type=\"widget\" data-settings=\"{&quot;_animation&quot;:&quot;zoomIn&quot;}\" data-widget_type=\"heading.default\">\n\t\t\t\t<div class=\"elementor-widget-container\">\n\t\t\t\t\t<h2 class=\"elementor-heading-title elementor-size-default\">Ongi etorri<br>Josi ta Josi<\/h2>\t\t\t\t<\/div>\n\t\t\t\t<\/div>\n\t\t\t\t<section class=\"elementor-section elementor-inner-section elementor-element elementor-element-5200ffaf elementor-section-boxed elementor-section-height-default elementor-section-height-default\" data-id=\"5200ffaf\" data-element_type=\"section\" data-e-type=\"section\">\n\t\t\t\t\t\t<div class=\"elementor-container elementor-column-gap-no\">\n\t\t\t\t\t<div class=\"elementor-column elementor-col-100 elementor-inner-column elementor-element elementor-element-c65b071\" data-id=\"c65b071\" data-element_type=\"column\" data-e-type=\"column\">\n\t\t\t<div class=\"elementor-widget-wrap\">\n\t\t\t\t\t\t\t<\/div>\n\t\t<\/div>\n\t\t\t\t\t<\/div>\n\t\t<\/section>\n\t\t\t\t\t<\/div>\n\t\t<\/div>\n\t\t\t\t\t<\/div>\n\t\t<\/section>\n\t\t\t\t<section class=\"elementor-section elementor-top-section elementor-element elementor-element-4c97510d elementor-section-content-middle elementor-section-boxed elementor-section-height-default elementor-section-height-default\" data-id=\"4c97510d\" data-element_type=\"section\" data-e-type=\"section\" data-settings=\"{&quot;background_background&quot;:&quot;classic&quot;}\">\n\t\t\t\t\t\t<div class=\"elementor-container elementor-column-gap-no\">\n\t\t\t\t\t<div class=\"elementor-column elementor-col-100 elementor-top-column elementor-element elementor-element-59e8dba\" data-id=\"59e8dba\" data-element_type=\"column\" data-e-type=\"column\">\n\t\t\t<div class=\"elementor-widget-wrap elementor-element-populated\">\n\t\t\t\t\t\t<div class=\"elementor-element elementor-element-38676f0 elementor-position-left elementor-vertical-align-middle elementor-position-right elementor-vertical-align-top elementor-widget elementor-widget-image-box\" data-id=\"38676f0\" data-element_type=\"widget\" data-e-type=\"widget\" data-widget_type=\"image-box.default\">\n\t\t\t\t<div class=\"elementor-widget-container\">\n\t\t\t\t\t<div class=\"elementor-image-box-wrapper\"><figure class=\"elementor-image-box-img\"><img fetchpriority=\"high\" decoding=\"async\" width=\"1001\" height=\"1500\" src=\"https:\/\/jositajosi28.com\/wp-content\/uploads\/2025\/02\/2149647264.jpg\" class=\"attachment-full size-full wp-image-3044\" alt=\"\" srcset=\"https:\/\/jositajosi28.com\/wp-content\/uploads\/2025\/02\/2149647264.jpg 1001w, https:\/\/jositajosi28.com\/wp-content\/uploads\/2025\/02\/2149647264-200x300.jpg 200w, https:\/\/jositajosi28.com\/wp-content\/uploads\/2025\/02\/2149647264-683x1024.jpg 683w, https:\/\/jositajosi28.com\/wp-content\/uploads\/2025\/02\/2149647264-768x1151.jpg 768w, https:\/\/jositajosi28.com\/wp-content\/uploads\/2025\/02\/2149647264-8x12.jpg 8w\" sizes=\"(max-width: 1001px) 100vw, 1001px\" \/><\/figure><div class=\"elementor-image-box-content\"><h3 class=\"elementor-image-box-title\">Josi ta Josi - Jantzien eraldaketa eta egokitzapena<\/h3><p class=\"elementor-image-box-description\">Josi ta Josin, 20 urte baino gehiago daramatzagu irtenbide pertsonalizatuak eskaintzen jantziak konpontzeko eta brodatzeko dituzun behar guztietarako. Arropa konpontzen, eraldatzen eta egokitzen espezializatzen gara, jantzi bakoitza zure beharretara eta estilora ezin hobeto egokitzen dela ziurtatuz.\n<br><br>\nIbilbide luzea dugu, eta, horri esker, gure teknikak hobetu eta kalitatezko zerbitzua eskaini ahal izan dugu, gure bezeroen konfiantzaren babesean. Joskintza eta brodatua maite ditugu, eta harro gaude esperientzia eta gertuko tratua uztartzen dituen zerbitzu bat eskaintzeaz. Zatoz gure tailerra ezagutzera eta utzi zure jantziak eraldatzen!\n<br><br>\n20 urteko historia bete dugu, beti zerbitzurik onena eskainiz!\n<\/p><\/div><\/div>\t\t\t\t<\/div>\n\t\t\t\t<\/div>\n\t\t\t\t\t<\/div>\n\t\t<\/div>\n\t\t\t\t\t<\/div>\n\t\t<\/section>\n\t\t<div class=\"elementor-element elementor-element-0798c33 e-flex e-con-boxed e-con e-parent\" data-id=\"0798c33\" data-element_type=\"container\" data-e-type=\"container\" data-settings=\"{&quot;background_background&quot;:&quot;classic&quot;}\">\n\t\t\t\t\t<div class=\"e-con-inner\">\n\t\t<div class=\"elementor-element elementor-element-923acb9 e-grid e-con-full e-con e-child\" data-id=\"923acb9\" data-element_type=\"container\" data-e-type=\"container\">\n\t\t\t\t<div class=\"elementor-element elementor-element-924324b elementor-widget elementor-widget-heading\" data-id=\"924324b\" data-element_type=\"widget\" data-e-type=\"widget\" data-widget_type=\"heading.default\">\n\t\t\t\t<div class=\"elementor-widget-container\">\n\t\t\t\t\t<h2 class=\"elementor-heading-title elementor-size-default\">Zatoz gu ezagutzera eta utzi gure lanari gure ordez hitz egiten.<\/h2>\t\t\t\t<\/div>\n\t\t\t\t<\/div>\n\t\t\t\t<div class=\"elementor-element elementor-element-9a02a01 elementor-align-center elementor-invisible elementor-widget elementor-widget-button\" data-id=\"9a02a01\" data-element_type=\"widget\" data-e-type=\"widget\" data-settings=\"{&quot;_animation&quot;:&quot;zoomIn&quot;}\" data-widget_type=\"button.default\">\n\t\t\t\t<div class=\"elementor-widget-container\">\n\t\t\t\t\t\t\t\t\t<div class=\"elementor-button-wrapper\">\n\t\t\t\t\t<a class=\"elementor-button elementor-button-link elementor-size-sm elementor-animation-hang\" href=\"https:\/\/jositajosi28.com\/eu\/servicios\/\">\n\t\t\t\t\t\t<span class=\"elementor-button-content-wrapper\">\n\t\t\t\t\t\t\t\t\t<span class=\"elementor-button-text\">ZERBITZUAK<\/span>\n\t\t\t\t\t<\/span>\n\t\t\t\t\t<\/a>\n\t\t\t\t<\/div>\n\t\t\t\t\t\t\t\t<\/div>\n\t\t\t\t<\/div>\n\t\t\t\t<\/div>\n\t\t\t\t\t<\/div>\n\t\t\t\t<\/div>\n\t\t\t\t<section class=\"elementor-section elementor-top-section elementor-element elementor-element-2ee96431 elementor-section-boxed elementor-section-height-default elementor-section-height-default\" data-id=\"2ee96431\" data-element_type=\"section\" data-e-type=\"section\" data-settings=\"{&quot;background_background&quot;:&quot;classic&quot;}\">\n\t\t\t\t\t\t\t<div class=\"elementor-background-overlay\"><\/div>\n\t\t\t\t\t\t\t<div class=\"elementor-container elementor-column-gap-no\">\n\t\t\t\t\t<div class=\"elementor-column elementor-col-100 elementor-top-column elementor-element elementor-element-5f1a4080\" data-id=\"5f1a4080\" data-element_type=\"column\" data-e-type=\"column\" data-settings=\"{&quot;background_background&quot;:&quot;classic&quot;}\">\n\t\t\t<div class=\"elementor-widget-wrap elementor-element-populated\">\n\t\t\t\t\t\t<div class=\"elementor-element elementor-element-4c04fdc6 elementor-invisible elementor-widget elementor-widget-heading\" data-id=\"4c04fdc6\" data-element_type=\"widget\" data-e-type=\"widget\" data-settings=\"{&quot;_animation&quot;:&quot;zoomIn&quot;}\" data-widget_type=\"heading.default\">\n\t\t\t\t<div class=\"elementor-widget-container\">\n\t\t\t\t\t<h2 class=\"elementor-heading-title elementor-size-default\">Josten Hasteko Eskolak<\/h2>\t\t\t\t<\/div>\n\t\t\t\t<\/div>\n\t\t\t\t<div class=\"elementor-element elementor-element-e3b91d5 elementor-invisible elementor-widget elementor-widget-heading\" data-id=\"e3b91d5\" data-element_type=\"widget\" data-e-type=\"widget\" data-settings=\"{&quot;_animation&quot;:&quot;zoomIn&quot;}\" data-widget_type=\"heading.default\">\n\t\t\t\t<div class=\"elementor-widget-container\">\n\t\t\t\t\t<h2 class=\"elementor-heading-title elementor-size-default\">Josten ikasteko interesa baduzu eta arte horretan hasi nahi baduzu, hasiberrientzako josteko eskolak eskaintzen ditugu.<\/h2>\t\t\t\t<\/div>\n\t\t\t\t<\/div>\n\t\t\t\t<div class=\"elementor-element elementor-element-a6cd98e elementor-align-center elementor-invisible elementor-widget elementor-widget-button\" data-id=\"a6cd98e\" data-element_type=\"widget\" data-e-type=\"widget\" data-settings=\"{&quot;_animation&quot;:&quot;zoomIn&quot;}\" data-widget_type=\"button.default\">\n\t\t\t\t<div class=\"elementor-widget-container\">\n\t\t\t\t\t\t\t\t\t<div class=\"elementor-button-wrapper\">\n\t\t\t\t\t<a class=\"elementor-button elementor-button-link elementor-size-sm elementor-animation-hang\" href=\"https:\/\/jositajosi28.com\/eu\/contacto\/\">\n\t\t\t\t\t\t<span class=\"elementor-button-content-wrapper\">\n\t\t\t\t\t\t\t\t\t<span class=\"elementor-button-text\">JARRI GUREKIN HARREMANETAN<\/span>\n\t\t\t\t\t<\/span>\n\t\t\t\t\t<\/a>\n\t\t\t\t<\/div>\n\t\t\t\t\t\t\t\t<\/div>\n\t\t\t\t<\/div>\n\t\t\t\t\t<\/div>\n\t\t<\/div>\n\t\t\t\t\t<\/div>\n\t\t<\/section>\n\t\t\t\t<\/div>","protected":false},"excerpt":{"rendered":"<p>Bienvenidos aJosi ta Josi Josi ta Josi &#8211; Transformaci\u00f3n y adaptaci\u00f3n de prendas En Josi ta Josi, llevamos m\u00e1s de 20 a\u00f1os ofreciendo soluciones personalizadas para todas tus necesidades de arreglos y bordados de prendas. Nos especializamos en la reparaci\u00f3n, transformaci\u00f3n y adaptaci\u00f3n de ropa, asegur\u00e1ndonos de que cada prenda se ajuste perfectamente a tus [&hellip;]<\/p>\n","protected":false},"author":7,"featured_media":0,"parent":0,"menu_order":0,"comment_status":"closed","ping_status":"closed","template":"elementor_canvas","meta":{"footnotes":""},"class_list":["post-941","page","type-page","status-publish","hentry"],"yoast_head":"<!-- This site is optimized with the Yoast SEO plugin v27.3 - https:\/\/yoast.com\/product\/yoast-seo-wordpress\/ -->\n<title>Inicio - Josi ta Josi<\/title>\n<meta name=\"robots\" content=\"index, follow, max-snippet:-1, max-image-preview:large, max-video-preview:-1\" \/>\n<link rel=\"canonical\" href=\"https:\/\/jositajosi28.com\/eu\/\" \/>\n<meta property=\"og:locale\" content=\"en_US\" \/>\n<meta property=\"og:type\" content=\"article\" \/>\n<meta property=\"og:title\" content=\"Inicio - Josi ta Josi\" \/>\n<meta property=\"og:description\" content=\"Bienvenidos aJosi ta Josi Josi ta Josi &#8211; Transformaci\u00f3n y adaptaci\u00f3n de prendas En Josi ta Josi, llevamos m\u00e1s de 20 a\u00f1os ofreciendo soluciones personalizadas para todas tus necesidades de arreglos y bordados de prendas. Nos especializamos en la reparaci\u00f3n, transformaci\u00f3n y adaptaci\u00f3n de ropa, asegur\u00e1ndonos de que cada prenda se ajuste perfectamente a tus [&hellip;]\" \/>\n<meta property=\"og:url\" content=\"https:\/\/jositajosi28.com\/eu\/\" \/>\n<meta property=\"og:site_name\" content=\"Josi ta Josi\" \/>\n<meta property=\"article:modified_time\" content=\"2025-03-07T17:02:20+00:00\" \/>\n<meta property=\"og:image\" content=\"https:\/\/jositajosi28.com\/wp-content\/uploads\/2025\/02\/2149647264.jpg\" \/>\n\t<meta property=\"og:image:width\" content=\"1001\" \/>\n\t<meta property=\"og:image:height\" content=\"1500\" \/>\n\t<meta property=\"og:image:type\" content=\"image\/jpeg\" \/>\n<meta name=\"twitter:card\" content=\"summary_large_image\" \/>\n<meta name=\"twitter:label1\" content=\"Est. reading time\" \/>\n\t<meta name=\"twitter:data1\" content=\"1 minutua\" \/>\n<script type=\"application\/ld+json\" class=\"yoast-schema-graph\">{\"@context\":\"https:\\\/\\\/schema.org\",\"@graph\":[{\"@type\":\"WebPage\",\"@id\":\"https:\\\/\\\/jositajosi28.com\\\/\",\"url\":\"https:\\\/\\\/jositajosi28.com\\\/\",\"name\":\"Inicio - Josi ta Josi\",\"isPartOf\":{\"@id\":\"https:\\\/\\\/jositajosi28.com\\\/#website\"},\"primaryImageOfPage\":{\"@id\":\"https:\\\/\\\/jositajosi28.com\\\/#primaryimage\"},\"image\":{\"@id\":\"https:\\\/\\\/jositajosi28.com\\\/#primaryimage\"},\"thumbnailUrl\":\"https:\\\/\\\/jositajosi28.com\\\/wp-content\\\/uploads\\\/2025\\\/02\\\/2149647264.jpg\",\"datePublished\":\"2024-10-17T15:49:26+00:00\",\"dateModified\":\"2025-03-07T17:02:20+00:00\",\"breadcrumb\":{\"@id\":\"https:\\\/\\\/jositajosi28.com\\\/#breadcrumb\"},\"inLanguage\":\"eu\",\"potentialAction\":[{\"@type\":\"ReadAction\",\"target\":[\"https:\\\/\\\/jositajosi28.com\\\/\"]}]},{\"@type\":\"ImageObject\",\"inLanguage\":\"eu\",\"@id\":\"https:\\\/\\\/jositajosi28.com\\\/#primaryimage\",\"url\":\"https:\\\/\\\/jositajosi28.com\\\/wp-content\\\/uploads\\\/2025\\\/02\\\/2149647264.jpg\",\"contentUrl\":\"https:\\\/\\\/jositajosi28.com\\\/wp-content\\\/uploads\\\/2025\\\/02\\\/2149647264.jpg\"},{\"@type\":\"BreadcrumbList\",\"@id\":\"https:\\\/\\\/jositajosi28.com\\\/#breadcrumb\",\"itemListElement\":[{\"@type\":\"ListItem\",\"position\":1,\"name\":\"Portada\",\"item\":\"https:\\\/\\\/jositajosi28.com\\\/\"},{\"@type\":\"ListItem\",\"position\":2,\"name\":\"Inicio\"}]},{\"@type\":\"WebSite\",\"@id\":\"https:\\\/\\\/jositajosi28.com\\\/#website\",\"url\":\"https:\\\/\\\/jositajosi28.com\\\/\",\"name\":\"Josi ta Josi\",\"description\":\"Arreglo, transformaci\u00f3n, reparaci\u00f3n y bordado de prendas.\",\"publisher\":{\"@id\":\"https:\\\/\\\/jositajosi28.com\\\/#organization\"},\"potentialAction\":[{\"@type\":\"SearchAction\",\"target\":{\"@type\":\"EntryPoint\",\"urlTemplate\":\"https:\\\/\\\/jositajosi28.com\\\/?s={search_term_string}\"},\"query-input\":{\"@type\":\"PropertyValueSpecification\",\"valueRequired\":true,\"valueName\":\"search_term_string\"}}],\"inLanguage\":\"eu\"},{\"@type\":\"Organization\",\"@id\":\"https:\\\/\\\/jositajosi28.com\\\/#organization\",\"name\":\"Josi ta Josi\",\"url\":\"https:\\\/\\\/jositajosi28.com\\\/\",\"logo\":{\"@type\":\"ImageObject\",\"inLanguage\":\"eu\",\"@id\":\"https:\\\/\\\/jositajosi28.com\\\/#\\\/schema\\\/logo\\\/image\\\/\",\"url\":\"https:\\\/\\\/jositajosi28.com\\\/wp-content\\\/uploads\\\/2025\\\/02\\\/cropped-JOSI-TA-JOSI.png\",\"contentUrl\":\"https:\\\/\\\/jositajosi28.com\\\/wp-content\\\/uploads\\\/2025\\\/02\\\/cropped-JOSI-TA-JOSI.png\",\"width\":408,\"height\":183,\"caption\":\"Josi ta Josi\"},\"image\":{\"@id\":\"https:\\\/\\\/jositajosi28.com\\\/#\\\/schema\\\/logo\\\/image\\\/\"}}]}<\/script>\n<!-- \/ Yoast SEO plugin. -->","yoast_head_json":{"title":"Inicio - Josi ta Josi","robots":{"index":"index","follow":"follow","max-snippet":"max-snippet:-1","max-image-preview":"max-image-preview:large","max-video-preview":"max-video-preview:-1"},"canonical":"https:\/\/jositajosi28.com\/eu\/","og_locale":"en_US","og_type":"article","og_title":"Inicio - Josi ta Josi","og_description":"Bienvenidos aJosi ta Josi Josi ta Josi &#8211; Transformaci\u00f3n y adaptaci\u00f3n de prendas En Josi ta Josi, llevamos m\u00e1s de 20 a\u00f1os ofreciendo soluciones personalizadas para todas tus necesidades de arreglos y bordados de prendas. Nos especializamos en la reparaci\u00f3n, transformaci\u00f3n y adaptaci\u00f3n de ropa, asegur\u00e1ndonos de que cada prenda se ajuste perfectamente a tus [&hellip;]","og_url":"https:\/\/jositajosi28.com\/eu\/","og_site_name":"Josi ta Josi","article_modified_time":"2025-03-07T17:02:20+00:00","og_image":[{"width":1001,"height":1500,"url":"https:\/\/jositajosi28.com\/wp-content\/uploads\/2025\/02\/2149647264.jpg","type":"image\/jpeg"}],"twitter_card":"summary_large_image","twitter_misc":{"Est. reading time":"1 minutua"},"schema":{"@context":"https:\/\/schema.org","@graph":[{"@type":"WebPage","@id":"https:\/\/jositajosi28.com\/","url":"https:\/\/jositajosi28.com\/","name":"Inicio - Josi ta Josi","isPartOf":{"@id":"https:\/\/jositajosi28.com\/#website"},"primaryImageOfPage":{"@id":"https:\/\/jositajosi28.com\/#primaryimage"},"image":{"@id":"https:\/\/jositajosi28.com\/#primaryimage"},"thumbnailUrl":"https:\/\/jositajosi28.com\/wp-content\/uploads\/2025\/02\/2149647264.jpg","datePublished":"2024-10-17T15:49:26+00:00","dateModified":"2025-03-07T17:02:20+00:00","breadcrumb":{"@id":"https:\/\/jositajosi28.com\/#breadcrumb"},"inLanguage":"eu","potentialAction":[{"@type":"ReadAction","target":["https:\/\/jositajosi28.com\/"]}]},{"@type":"ImageObject","inLanguage":"eu","@id":"https:\/\/jositajosi28.com\/#primaryimage","url":"https:\/\/jositajosi28.com\/wp-content\/uploads\/2025\/02\/2149647264.jpg","contentUrl":"https:\/\/jositajosi28.com\/wp-content\/uploads\/2025\/02\/2149647264.jpg"},{"@type":"BreadcrumbList","@id":"https:\/\/jositajosi28.com\/#breadcrumb","itemListElement":[{"@type":"ListItem","position":1,"name":"Portada","item":"https:\/\/jositajosi28.com\/"},{"@type":"ListItem","position":2,"name":"Inicio"}]},{"@type":"WebSite","@id":"https:\/\/jositajosi28.com\/#website","url":"https:\/\/jositajosi28.com\/","name":"Josi ta Josi","description":"Arreglo, transformaci\u00f3n, reparaci\u00f3n y bordado de prendas.","publisher":{"@id":"https:\/\/jositajosi28.com\/#organization"},"potentialAction":[{"@type":"SearchAction","target":{"@type":"EntryPoint","urlTemplate":"https:\/\/jositajosi28.com\/?s={search_term_string}"},"query-input":{"@type":"PropertyValueSpecification","valueRequired":true,"valueName":"search_term_string"}}],"inLanguage":"eu"},{"@type":"Organization","@id":"https:\/\/jositajosi28.com\/#organization","name":"Josi ta Josi","url":"https:\/\/jositajosi28.com\/","logo":{"@type":"ImageObject","inLanguage":"eu","@id":"https:\/\/jositajosi28.com\/#\/schema\/logo\/image\/","url":"https:\/\/jositajosi28.com\/wp-content\/uploads\/2025\/02\/cropped-JOSI-TA-JOSI.png","contentUrl":"https:\/\/jositajosi28.com\/wp-content\/uploads\/2025\/02\/cropped-JOSI-TA-JOSI.png","width":408,"height":183,"caption":"Josi ta Josi"},"image":{"@id":"https:\/\/jositajosi28.com\/#\/schema\/logo\/image\/"}}]}},"_links":{"self":[{"href":"https:\/\/jositajosi28.com\/eu\/wp-json\/wp\/v2\/pages\/941","targetHints":{"allow":["GET"]}}],"collection":[{"href":"https:\/\/jositajosi28.com\/eu\/wp-json\/wp\/v2\/pages"}],"about":[{"href":"https:\/\/jositajosi28.com\/eu\/wp-json\/wp\/v2\/types\/page"}],"author":[{"embeddable":true,"href":"https:\/\/jositajosi28.com\/eu\/wp-json\/wp\/v2\/users\/7"}],"replies":[{"embeddable":true,"href":"https:\/\/jositajosi28.com\/eu\/wp-json\/wp\/v2\/comments?post=941"}],"version-history":[{"count":799,"href":"https:\/\/jositajosi28.com\/eu\/wp-json\/wp\/v2\/pages\/941\/revisions"}],"predecessor-version":[{"id":3155,"href":"https:\/\/jositajosi28.com\/eu\/wp-json\/wp\/v2\/pages\/941\/revisions\/3155"}],"wp:attachment":[{"href":"https:\/\/jositajosi28.com\/eu\/wp-json\/wp\/v2\/media?parent=941"}],"curies":[{"name":"wp","href":"https:\/\/api.w.org\/{rel}","templated":true}]}}